{"id":300556,"date":"2026-01-14T12:02:02","date_gmt":"2026-01-14T12:02:02","guid":{"rendered":"https:\/\/healthyhead.dk\/vare\/hoodie-groenland-greenland-already-great\/"},"modified":"2026-01-21T19:28:33","modified_gmt":"2026-01-21T19:28:33","slug":"huvtroja-gronland-gronland-redan-stor","status":"publish","type":"product","link":"https:\/\/healthyhead.dk\/sv\/produkt\/huvtroja-gronland-gronland-redan-stor\/","title":{"rendered":"Hoodie, Gr\u00f6nland, Greenland Already Great"},"content":{"rendered":"","protected":false},"excerpt":{"rendered":"<p><img decoding=\"async\" class=\"alignnone wp-image-7519\" src=\"\/wp-content\/uploads\/2024\/08\/Oeko-tex.svg\" alt=\"OEKO-tex\" width=\"46\" height=\"45\">OEKO-TEX\u00ae-certifierad hoodie<\/p>\n<p><img decoding=\"async\" class=\"alignnone wp-image-7520\" src=\"\/wp-content\/uploads\/2024\/08\/Forvasket.svg\" alt=\"F\u00f6rtv\u00e4ttad\" width=\"46\" height=\"45\">F\u00f6rtv\u00e4ttad f\u00f6r att minimera krympning<\/p>\n<p><img decoding=\"async\" class=\"alignnone wp-image-8993\" src=\"\/wp-content\/uploads\/2024\/08\/Lavet-i-dk-.svg\" alt=\"\" width=\"47\" height=\"47\" srcset=\"https:\/\/healthyhead.dk\/wp-content\/uploads\/Lavet-i-dk-.svg 150w, https:\/\/healthyhead.dk\/wp-content\/uploads\/Lavet-i-dk-.svg 300w, https:\/\/healthyhead.dk\/wp-content\/uploads\/Lavet-i-dk-.svg 768w, https:\/\/healthyhead.dk\/wp-content\/uploads\/Lavet-i-dk-.svg 1024w, https:\/\/healthyhead.dk\/wp-content\/uploads\/Lavet-i-dk-.svg 250w\" sizes=\"(max-width: 47px) 100vw, 47px\" \/>Danskt OEKO-tex-certifierat kvalitetstryck utan skadliga kemikalier<\/p>\n<p>&nbsp;<\/p>\n<p>&nbsp;<\/p>\n[cg_accordion title=\"Beskrivning\" open=\"open\"]<\/p>\n<div class=\"woocommerce-product-details__short-description\">\n<p>Visa ditt st\u00f6d f\u00f6r det gr\u00f6nl\u00e4ndska folkets r\u00e4tt till sj\u00e4lvbest\u00e4mmande med den h\u00e4r huvtr\u00f6jan med texten &#8221;Greenland Already Great&#8221;. Huvtr\u00f6jan \u00e4r tillverkad av kraftig ekologisk bomull och polyester och tryckt med dansk OEKO-TEX\u00ae-certifierat kvalitetstryck utan skadlig kemi, s\u00e5 att du kan visa ditt st\u00f6d med gott samvete.<\/p>\n<ul>\n<li>Passform<b>:<\/b> Normal passform med 2 cm extra l\u00e4ngd f\u00f6r l\u00e4ngre h\u00e5llbarhet<\/li>\n<li>Material: OEKO-TEX\u00ae-certifierad ekologisk bomull, polyester, 350 g\/m\u00b2<\/li>\n<li>Krympning: Huvtr\u00f6jan \u00e4r f\u00f6rtv\u00e4ttad och krymper d\u00e4rf\u00f6r minimalt om tv\u00e4ttr\u00e5den f\u00f6ljs.<\/li>\n<li><b>Tryck:<\/b> Danskt OEKO-tex-certifierat kvalitetstryck utan riskabla kemikalier<\/li>\n<\/ul>\n<\/div>\n<p>[\/cg_accordion]\n[cg_accordion title=\"Tv\u00e4ttr\u00e5d\"]<\/p>\n<p>Vi rekommenderar tv\u00e4tt i 40 grader och att undvika torktumlare f\u00f6r att skona milj\u00f6n och f\u00f6rl\u00e4nga huvtr\u00f6jans livsl\u00e4ngd.<\/p>\n<p><img loading=\"lazy\" decoding=\"async\" class=\"wp-image-7353 alignleft\" src=\"\/wp-content\/uploads\/2024\/08\/Vaskeanvisning-305-t-shirt.svg\" alt=\"Tv\u00e4ttinstruktioner-305 t-shirt\" width=\"270\" height=\"54\" srcset=\"https:\/\/healthyhead.dk\/wp-content\/uploads\/Vaskeanvisning-305-t-shirt.svg 150w, https:\/\/healthyhead.dk\/wp-content\/uploads\/Vaskeanvisning-305-t-shirt.svg 300w, https:\/\/healthyhead.dk\/wp-content\/uploads\/Vaskeanvisning-305-t-shirt.svg 768w, https:\/\/healthyhead.dk\/wp-content\/uploads\/Vaskeanvisning-305-t-shirt.svg 1024w, https:\/\/healthyhead.dk\/wp-content\/uploads\/Vaskeanvisning-305-t-shirt.svg 1230w\" sizes=\"(max-width: 270px) 100vw, 270px\" \/><\/p>\n<p>&nbsp;<\/p>\n<p>&nbsp;<\/p>\n<p>[\/cg_accordion]\n","protected":false},"featured_media":299051,"template":"","meta":{"_acf_changed":false},"product_brand":[],"product_cat":[663],"product_tag":[],"class_list":{"0":"post-300556","1":"product","2":"type-product","3":"status-publish","4":"has-post-thumbnail","6":"product_cat-groenland","7":"pa_size-4-6-aar-sv","8":"pa_size-8-10-aar-sv","9":"pa_size-12-14-aar-sv","10":"pa_size-x-small-sv","11":"pa_size-small-sv","12":"pa_size-medium-sv","13":"pa_size-large-sv","14":"pa_size-x-large-sv","15":"pa_size-xx-large-sv","16":"pa_size-3x-large-sv","18":"first","19":"instock","20":"taxable","21":"shipping-taxable","22":"purchasable","23":"product-type-variable"},"acf":[],"_links":{"self":[{"href":"https:\/\/healthyhead.dk\/sv\/wp-json\/wp\/v2\/product\/300556","targetHints":{"allow":["GET"]}}],"collection":[{"href":"https:\/\/healthyhead.dk\/sv\/wp-json\/wp\/v2\/product"}],"about":[{"href":"https:\/\/healthyhead.dk\/sv\/wp-json\/wp\/v2\/types\/product"}],"version-history":[{"count":1,"href":"https:\/\/healthyhead.dk\/sv\/wp-json\/wp\/v2\/product\/300556\/revisions"}],"predecessor-version":[{"id":300604,"href":"https:\/\/healthyhead.dk\/sv\/wp-json\/wp\/v2\/product\/300556\/revisions\/300604"}],"wp:featuredmedia":[{"embeddable":true,"href":"https:\/\/healthyhead.dk\/sv\/wp-json\/wp\/v2\/media\/299051"}],"wp:attachment":[{"href":"https:\/\/healthyhead.dk\/sv\/wp-json\/wp\/v2\/media?parent=300556"}],"wp:term":[{"taxonomy":"product_brand","embeddable":true,"href":"https:\/\/healthyhead.dk\/sv\/wp-json\/wp\/v2\/product_brand?post=300556"},{"taxonomy":"product_cat","embeddable":true,"href":"https:\/\/healthyhead.dk\/sv\/wp-json\/wp\/v2\/product_cat?post=300556"},{"taxonomy":"product_tag","embeddable":true,"href":"https:\/\/healthyhead.dk\/sv\/wp-json\/wp\/v2\/product_tag?post=300556"}],"curies":[{"name":"wp","href":"https:\/\/api.w.org\/{rel}","templated":true}]}}