{"id":302286,"date":"2026-01-25T10:51:47","date_gmt":"2026-01-25T10:51:47","guid":{"rendered":"https:\/\/healthyhead.dk\/vare\/hoodie-eu-europa-navy-blue\/"},"modified":"2026-01-25T16:12:38","modified_gmt":"2026-01-25T16:12:38","slug":"huvtroja-eu-europa-navy-blaa","status":"publish","type":"product","link":"https:\/\/healthyhead.dk\/sv\/produkt\/huvtroja-eu-europa-navy-blaa\/","title":{"rendered":"Hoodie, EU, Europa, Democracy &amp; Unity"},"content":{"rendered":"","protected":false},"excerpt":{"rendered":"<p><img decoding=\"async\" class=\"alignnone wp-image-7519\" src=\"\/wp-content\/uploads\/2024\/08\/Oeko-tex.svg\" alt=\"OEKO-tex\" width=\"46\" height=\"45\">OEKO-TEX\u00ae-certifierad hoodie<\/p>\n<p><img decoding=\"async\" class=\"alignnone wp-image-7520\" src=\"\/wp-content\/uploads\/2024\/08\/Forvasket.svg\" alt=\"F\u00f6rtv\u00e4ttad\" width=\"46\" height=\"45\">F\u00f6rtv\u00e4ttad f\u00f6r att minimera krympning<\/p>\n<p><img decoding=\"async\" class=\"alignnone wp-image-8993\" src=\"\/wp-content\/uploads\/2024\/08\/Lavet-i-dk-.svg\" alt=\"\" width=\"47\" height=\"47\" srcset=\"https:\/\/healthyhead.dk\/wp-content\/uploads\/Lavet-i-dk-.svg 150w, https:\/\/healthyhead.dk\/wp-content\/uploads\/Lavet-i-dk-.svg 300w, https:\/\/healthyhead.dk\/wp-content\/uploads\/Lavet-i-dk-.svg 768w, https:\/\/healthyhead.dk\/wp-content\/uploads\/Lavet-i-dk-.svg 1024w, https:\/\/healthyhead.dk\/wp-content\/uploads\/Lavet-i-dk-.svg 250w\" sizes=\"(max-width: 47px) 100vw, 47px\" \/>Danskt OEKO-tex-certifierat kvalitetstryck utan skadliga kemikalier<\/p>\n<p>&nbsp;<\/p>\n<p>&nbsp;<\/p>\n[cg_accordion title=\"Beskrivning\" open=\"open\"]<\/p>\n<div class=\"woocommerce-product-details__short-description\">\n<div class=\"woocommerce-product-details__short-description\">\n<p>EU st\u00e5r f\u00f6r samarbete, demokrati och fred &#8211; v\u00e4rden som f\u00f6renar oss \u00f6ver gr\u00e4nserna i st\u00e4llet f\u00f6r att splittra oss. Den h\u00e4r huvtr\u00f6jan har en diskret EU-symbol som ett lugnt uttryck f\u00f6r gemenskap och ansvar. Tillverkad av 100% ekologisk bomull och tryckt med danskt OEKO-TEX-certifierat kvalitetstryck utan skadliga kemikalier, s\u00e5 att du kan st\u00e5 f\u00f6r dina v\u00e4rderingar med gott samvete.<\/p>\n<ul>\n<li>Passform<b>:<\/b> Normal passform med 2 cm extra l\u00e4ngd f\u00f6r l\u00e4ngre h\u00e5llbarhet<\/li>\n<li><b>Material:<\/b> 100% ekologisk bomull (GOTS-certifierad), 290 g\/m\u00b2<\/li>\n<li><b>Krympning:<\/b> Hoodien \u00e4r f\u00f6rtv\u00e4ttad och krymper d\u00e4rf\u00f6r minimalt om tv\u00e4ttanvisningarna f\u00f6ljs<\/li>\n<li><b>Tryck:<\/b> Danskt OEKO-TEX-certifierat kvalitetstryck utan riskabla kemikalier<\/li>\n<\/ul>\n<\/div>\n<p>[\/cg_accordion]\n[cg_accordion title=\"Tv\u00e4ttr\u00e5d\"]<\/p>\n<p>Vi rekommenderar tv\u00e4tt i 40 grader och att undvika torktumlare f\u00f6r att skona milj\u00f6n och f\u00f6rl\u00e4nga huvtr\u00f6jans livsl\u00e4ngd.<\/p>\n<p><img loading=\"lazy\" decoding=\"async\" class=\"wp-image-7353 alignleft\" src=\"\/wp-content\/uploads\/2024\/08\/Vaskeanvisning-305-t-shirt.svg\" alt=\"Tv\u00e4ttinstruktioner-305 t-shirt\" width=\"270\" height=\"54\" srcset=\"https:\/\/healthyhead.dk\/wp-content\/uploads\/Vaskeanvisning-305-t-shirt.svg 150w, https:\/\/healthyhead.dk\/wp-content\/uploads\/Vaskeanvisning-305-t-shirt.svg 300w, https:\/\/healthyhead.dk\/wp-content\/uploads\/Vaskeanvisning-305-t-shirt.svg 768w, https:\/\/healthyhead.dk\/wp-content\/uploads\/Vaskeanvisning-305-t-shirt.svg 1024w, https:\/\/healthyhead.dk\/wp-content\/uploads\/Vaskeanvisning-305-t-shirt.svg 1230w\" sizes=\"(max-width: 270px) 100vw, 270px\" \/><\/p>\n<p>&nbsp;<\/p>\n<p>&nbsp;<\/p>\n<p>[\/cg_accordion]\n","protected":false},"featured_media":294929,"template":"","meta":{"_acf_changed":false},"product_brand":[],"product_cat":[659],"product_tag":[],"class_list":{"0":"post-302286","1":"product","2":"type-product","3":"status-publish","4":"has-post-thumbnail","6":"product_cat-eu","7":"pa_size-x-small-sv","8":"pa_size-small-sv","9":"pa_size-medium-sv","10":"pa_size-large-sv","11":"pa_size-x-large-sv","12":"pa_size-xx-large-sv","13":"pa_size-3x-large-sv","14":"pa_size-4x-large-sv","15":"pa_size-5x-large-sv","17":"first","18":"instock","19":"taxable","20":"shipping-taxable","21":"purchasable","22":"product-type-variable"},"acf":[],"_links":{"self":[{"href":"https:\/\/healthyhead.dk\/sv\/wp-json\/wp\/v2\/product\/302286","targetHints":{"allow":["GET"]}}],"collection":[{"href":"https:\/\/healthyhead.dk\/sv\/wp-json\/wp\/v2\/product"}],"about":[{"href":"https:\/\/healthyhead.dk\/sv\/wp-json\/wp\/v2\/types\/product"}],"version-history":[{"count":1,"href":"https:\/\/healthyhead.dk\/sv\/wp-json\/wp\/v2\/product\/302286\/revisions"}],"predecessor-version":[{"id":302742,"href":"https:\/\/healthyhead.dk\/sv\/wp-json\/wp\/v2\/product\/302286\/revisions\/302742"}],"wp:featuredmedia":[{"embeddable":true,"href":"https:\/\/healthyhead.dk\/sv\/wp-json\/wp\/v2\/media\/294929"}],"wp:attachment":[{"href":"https:\/\/healthyhead.dk\/sv\/wp-json\/wp\/v2\/media?parent=302286"}],"wp:term":[{"taxonomy":"product_brand","embeddable":true,"href":"https:\/\/healthyhead.dk\/sv\/wp-json\/wp\/v2\/product_brand?post=302286"},{"taxonomy":"product_cat","embeddable":true,"href":"https:\/\/healthyhead.dk\/sv\/wp-json\/wp\/v2\/product_cat?post=302286"},{"taxonomy":"product_tag","embeddable":true,"href":"https:\/\/healthyhead.dk\/sv\/wp-json\/wp\/v2\/product_tag?post=302286"}],"curies":[{"name":"wp","href":"https:\/\/api.w.org\/{rel}","templated":true}]}}