{"id":311080,"date":"2026-03-01T19:08:50","date_gmt":"2026-03-01T19:08:50","guid":{"rendered":"https:\/\/healthyhead.dk\/vare\/t-shirt-iran-frihed-til-iran-loeve-og-flag\/"},"modified":"2026-03-02T13:58:03","modified_gmt":"2026-03-02T13:58:03","slug":"t-shirt-iran-irans-frihet-loeve-och-flagga","status":"publish","type":"product","link":"https:\/\/healthyhead.dk\/sv\/produkt\/t-shirt-iran-irans-frihet-loeve-och-flagga\/","title":{"rendered":"T-shirt, Iran, Frihet f\u00f6r Iran, Lejon och flagga"},"content":{"rendered":"","protected":false},"excerpt":{"rendered":"<p><img decoding=\"async\" class=\"alignnone wp-image-7519\" src=\"\/wp-content\/uploads\/2024\/08\/Oeko-tex.svg\" alt=\"OEKO-tex\" width=\"46\" height=\"45\">OEKO-tex-certifierat tryck utan skadliga kemikalier<\/p>\n<p><img decoding=\"async\" class=\"alignnone wp-image-7520\" src=\"\/wp-content\/uploads\/2024\/08\/Forvasket.svg\" alt=\"F\u00f6rtv\u00e4ttad\" width=\"46\" height=\"45\">F\u00f6rtv\u00e4ttad f\u00f6r att minimera krympning<\/p>\n<p><img decoding=\"async\" class=\"alignnone wp-image-7533\" src=\"\/wp-content\/uploads\/2024\/08\/GOTS-.svg\" alt=\"GOTS\" width=\"46\" height=\"45\">Ekologisk GOTS-certifierad t-shirt<\/p>\n<p>&nbsp;<\/p>\n[cg_accordion title=\"Beskrivning\" open=\"open\"]<\/p>\n<div class=\"woocommerce-product-details__short-description\">\n<p data-start=\"0\" data-end=\"297\">En stark och historiskt f\u00f6rankrad symbol f\u00f6r frihet och nationell stolthet. Designen best\u00e5r av det ikoniska lejonet med sv\u00e4rdet framf\u00f6r solen och de klassiska f\u00e4rgerna gr\u00f6nt, vitt och r\u00f6tt &#8211; ett emblem med djupa r\u00f6tter i iransk kultur och historia. Designen kombinerar kraft, v\u00e4rdighet och hopp i ett sl\u00e5ende uttryck. T-shirten \u00e4r till f\u00f6r dem som vill b\u00e4ra en symbol f\u00f6r frihet, identitet och respekt f\u00f6r Irans historiska arv. Lejonet representerar styrka och mod, solen st\u00e5r f\u00f6r ljus och framtid och helheten signalerar en \u00f6nskan om sj\u00e4lvbest\u00e4mmande och en fri nation. Det detaljerade guldmotivet skapar en exklusiv och tidl\u00f6s look som kan b\u00e4ras som b\u00e5de ett kulturellt statement och en visuellt kraftfull design.<\/p>\n<p data-start=\"688\" data-end=\"801\">T-shirten \u00e4r tillverkad i kraftig 100% ekologisk bomull och tryckt med danskt OEKO-TEX-certifierat kvalitetstryck utan skadliga kemikalier.<\/p>\n<ul>\n<li>Passform<b>:<\/b> Normal passform med 2 cm extra l\u00e4ngd f\u00f6r l\u00e4ngre h\u00e5llbarhet<\/li>\n<li><b>Material:<\/b> 100% GOTS-certifierad ekologisk bomull, 165 g\/m\u00b2<\/li>\n<li><b>Krympning:<\/b> T-shirten \u00e4r &#8221;f\u00f6rtv\u00e4ttad&#8221; &#8211; krymper d\u00e4rf\u00f6r minimalt om tv\u00e4ttanvisningarna f\u00f6ljs<\/li>\n<li><b>Tryck:<\/b> Danskt OEKO-tex-certifierat kvalitetstryck utan riskabla kemikalier<\/li>\n<\/ul>\n<\/div>\n<p>[\/cg_accordion]\n[cg_accordion title=\"Tv\u00e4ttr\u00e5d\"]<\/p>\n<p>Vi rekommenderar att du tv\u00e4ttar i 40 grader och undviker torktumling f\u00f6r att skydda milj\u00f6n och f\u00f6rl\u00e4nga livsl\u00e4ngden p\u00e5 T-shirten.<\/p>\n<p><img loading=\"lazy\" decoding=\"async\" class=\"wp-image-7353 alignleft\" src=\"\/wp-content\/uploads\/2024\/08\/Vaskeanvisning-305-t-shirt.svg\" alt=\"Tv\u00e4ttinstruktioner-305 t-shirt\" width=\"270\" height=\"54\" srcset=\"https:\/\/healthyhead.dk\/wp-content\/uploads\/Vaskeanvisning-305-t-shirt.svg 150w, https:\/\/healthyhead.dk\/wp-content\/uploads\/Vaskeanvisning-305-t-shirt.svg 300w, https:\/\/healthyhead.dk\/wp-content\/uploads\/Vaskeanvisning-305-t-shirt.svg 768w, https:\/\/healthyhead.dk\/wp-content\/uploads\/Vaskeanvisning-305-t-shirt.svg 1024w, https:\/\/healthyhead.dk\/wp-content\/uploads\/Vaskeanvisning-305-t-shirt.svg 1230w\" sizes=\"(max-width: 270px) 100vw, 270px\" \/><\/p>\n<p>&nbsp;<\/p>\n<p>&nbsp;<\/p>\n<p>[\/cg_accordion]\n","protected":false},"featured_media":310183,"template":"","meta":{"_acf_changed":false},"product_brand":[],"product_cat":[1319],"product_tag":[],"class_list":{"0":"post-311080","1":"product","2":"type-product","3":"status-publish","4":"has-post-thumbnail","6":"product_cat-frihet-for-iran","7":"pa_size-x-small-sv","8":"pa_size-small-sv","9":"pa_size-medium-sv","10":"pa_size-large-sv","11":"pa_size-x-large-sv","12":"pa_size-xx-large-sv","13":"pa_size-3x-large-sv","14":"pa_size-4x-large-sv","15":"pa_size-5x-large-sv","16":"pa_size-6x-large-sv","18":"first","19":"instock","20":"taxable","21":"shipping-taxable","22":"purchasable","23":"product-type-variable"},"acf":[],"_links":{"self":[{"href":"https:\/\/healthyhead.dk\/sv\/wp-json\/wp\/v2\/product\/311080","targetHints":{"allow":["GET"]}}],"collection":[{"href":"https:\/\/healthyhead.dk\/sv\/wp-json\/wp\/v2\/product"}],"about":[{"href":"https:\/\/healthyhead.dk\/sv\/wp-json\/wp\/v2\/types\/product"}],"version-history":[{"count":2,"href":"https:\/\/healthyhead.dk\/sv\/wp-json\/wp\/v2\/product\/311080\/revisions"}],"predecessor-version":[{"id":311474,"href":"https:\/\/healthyhead.dk\/sv\/wp-json\/wp\/v2\/product\/311080\/revisions\/311474"}],"wp:featuredmedia":[{"embeddable":true,"href":"https:\/\/healthyhead.dk\/sv\/wp-json\/wp\/v2\/media\/310183"}],"wp:attachment":[{"href":"https:\/\/healthyhead.dk\/sv\/wp-json\/wp\/v2\/media?parent=311080"}],"wp:term":[{"taxonomy":"product_brand","embeddable":true,"href":"https:\/\/healthyhead.dk\/sv\/wp-json\/wp\/v2\/product_brand?post=311080"},{"taxonomy":"product_cat","embeddable":true,"href":"https:\/\/healthyhead.dk\/sv\/wp-json\/wp\/v2\/product_cat?post=311080"},{"taxonomy":"product_tag","embeddable":true,"href":"https:\/\/healthyhead.dk\/sv\/wp-json\/wp\/v2\/product_tag?post=311080"}],"curies":[{"name":"wp","href":"https:\/\/api.w.org\/{rel}","templated":true}]}}