{"id":311408,"date":"2026-03-01T18:34:03","date_gmt":"2026-03-01T18:34:03","guid":{"rendered":"https:\/\/healthyhead.dk\/vare\/t-shirt-free-iran-frihed-til-iran-solidaritet\/"},"modified":"2026-03-02T13:48:23","modified_gmt":"2026-03-02T13:48:23","slug":"t-shirt-fri-iran-frihet-till-iran-solidaritet","status":"publish","type":"product","link":"https:\/\/healthyhead.dk\/sv\/produkt\/t-shirt-fri-iran-frihet-till-iran-solidaritet\/","title":{"rendered":"T-shirt, Free Iran, Frihet f\u00f6r Iran, Solidaritet"},"content":{"rendered":"","protected":false},"excerpt":{"rendered":"<p><img decoding=\"async\" class=\"alignnone wp-image-7519\" src=\"\/wp-content\/uploads\/2024\/08\/Oeko-tex.svg\" alt=\"OEKO-tex\" width=\"46\" height=\"45\">OEKO-tex-certifierat tryck utan skadliga kemikalier<\/p>\n<p><img decoding=\"async\" class=\"alignnone wp-image-7520\" src=\"\/wp-content\/uploads\/2024\/08\/Forvasket.svg\" alt=\"F\u00f6rtv\u00e4ttad\" width=\"46\" height=\"45\">F\u00f6rtv\u00e4ttad f\u00f6r att minimera krympning<\/p>\n<p><img decoding=\"async\" class=\"alignnone wp-image-7533\" src=\"\/wp-content\/uploads\/2024\/08\/GOTS-.svg\" alt=\"GOTS\" width=\"46\" height=\"45\">Ekologisk GOTS-certifierad t-shirt<\/p>\n<p>&nbsp;<\/p>\n[cg_accordion title=\"Beskrivning\" open=\"open\"]<\/p>\n<div class=\"woocommerce-product-details__short-description\">\n<p>FREE IRAN &#8211; Ett st\u00e4llningstagande f\u00f6r frihet. Ett kraftfullt och tidl\u00f6st uttalande f\u00f6r frihet i Iran. Trycket &#8221;FREE IRAN&#8221; kombinerar distinkt typografi med Irans historiska lejonsymbol och landets f\u00e4rger i silhuett. Designen f\u00f6renar kultur, historia och hopp i ett enda uttryck som signalerar stolthet, motst\u00e5nd och en \u00f6nskan om f\u00f6r\u00e4ndring.<br \/>\nDenna T-shirt \u00e4r till f\u00f6r dig som vill visa solidaritet med det iranska folket och deras kamp f\u00f6r frihet, m\u00e4nskliga r\u00e4ttigheter och sj\u00e4lvbest\u00e4mmande. Ett grafiskt kraftfullt budskap som st\u00e5r f\u00f6r hopp, v\u00e4rdighet och r\u00e4tten att forma sin egen framtid. Designen har en r\u00e5, vintageinspirerad look som ger trycket karakt\u00e4r och djup &#8211; gjord f\u00f6r att ses och b\u00e4ras med mening.<\/p>\n<p>T-shirten \u00e4r tillverkad i kraftig 100% ekologisk bomull och tryckt med danskt OEKO-TEX-certifierat kvalitetstryck utan skadliga kemikalier.<\/p>\n<ul>\n<li>Passform<b>:<\/b> Normal passform med 2 cm extra l\u00e4ngd f\u00f6r l\u00e4ngre h\u00e5llbarhet<\/li>\n<li><b>Material:<\/b> 100% GOTS-certifierad ekologisk bomull, 165 g\/m\u00b2<\/li>\n<li><b>Krympning:<\/b> T-shirten \u00e4r &#8221;f\u00f6rtv\u00e4ttad&#8221; &#8211; krymper d\u00e4rf\u00f6r minimalt om tv\u00e4ttanvisningarna f\u00f6ljs<\/li>\n<li><b>Tryck:<\/b> Danskt OEKO-tex-certifierat kvalitetstryck utan riskabla kemikalier<\/li>\n<\/ul>\n<\/div>\n<p>[\/cg_accordion]\n[cg_accordion title=\"Tv\u00e4ttr\u00e5d\"]<\/p>\n<p>Vi rekommenderar att du tv\u00e4ttar i 40 grader och undviker torktumling f\u00f6r att skydda milj\u00f6n och f\u00f6rl\u00e4nga livsl\u00e4ngden p\u00e5 T-shirten.<\/p>\n<p><img loading=\"lazy\" decoding=\"async\" class=\"wp-image-7353 alignleft\" src=\"\/wp-content\/uploads\/2024\/08\/Vaskeanvisning-305-t-shirt.svg\" alt=\"Tv\u00e4ttinstruktioner-305 t-shirt\" width=\"270\" height=\"54\" srcset=\"https:\/\/healthyhead.dk\/wp-content\/uploads\/Vaskeanvisning-305-t-shirt.svg 150w, https:\/\/healthyhead.dk\/wp-content\/uploads\/Vaskeanvisning-305-t-shirt.svg 300w, https:\/\/healthyhead.dk\/wp-content\/uploads\/Vaskeanvisning-305-t-shirt.svg 768w, https:\/\/healthyhead.dk\/wp-content\/uploads\/Vaskeanvisning-305-t-shirt.svg 1024w, https:\/\/healthyhead.dk\/wp-content\/uploads\/Vaskeanvisning-305-t-shirt.svg 1230w\" sizes=\"(max-width: 270px) 100vw, 270px\" \/><\/p>\n<p>&nbsp;<\/p>\n<p>&nbsp;<\/p>\n<p>[\/cg_accordion]\n","protected":false},"featured_media":310163,"template":"","meta":{"_acf_changed":false},"product_brand":[],"product_cat":[1319],"product_tag":[],"class_list":{"0":"post-311408","1":"product","2":"type-product","3":"status-publish","4":"has-post-thumbnail","6":"product_cat-frihet-for-iran","7":"pa_size-x-small-sv","8":"pa_size-small-sv","9":"pa_size-medium-sv","10":"pa_size-large-sv","11":"pa_size-x-large-sv","12":"pa_size-xx-large-sv","13":"pa_size-3x-large-sv","14":"pa_size-4x-large-sv","15":"pa_size-5x-large-sv","16":"pa_size-6x-large-sv","18":"first","19":"instock","20":"taxable","21":"shipping-taxable","22":"purchasable","23":"product-type-variable"},"acf":[],"_links":{"self":[{"href":"https:\/\/healthyhead.dk\/sv\/wp-json\/wp\/v2\/product\/311408","targetHints":{"allow":["GET"]}}],"collection":[{"href":"https:\/\/healthyhead.dk\/sv\/wp-json\/wp\/v2\/product"}],"about":[{"href":"https:\/\/healthyhead.dk\/sv\/wp-json\/wp\/v2\/types\/product"}],"version-history":[{"count":1,"href":"https:\/\/healthyhead.dk\/sv\/wp-json\/wp\/v2\/product\/311408\/revisions"}],"predecessor-version":[{"id":311449,"href":"https:\/\/healthyhead.dk\/sv\/wp-json\/wp\/v2\/product\/311408\/revisions\/311449"}],"wp:featuredmedia":[{"embeddable":true,"href":"https:\/\/healthyhead.dk\/sv\/wp-json\/wp\/v2\/media\/310163"}],"wp:attachment":[{"href":"https:\/\/healthyhead.dk\/sv\/wp-json\/wp\/v2\/media?parent=311408"}],"wp:term":[{"taxonomy":"product_brand","embeddable":true,"href":"https:\/\/healthyhead.dk\/sv\/wp-json\/wp\/v2\/product_brand?post=311408"},{"taxonomy":"product_cat","embeddable":true,"href":"https:\/\/healthyhead.dk\/sv\/wp-json\/wp\/v2\/product_cat?post=311408"},{"taxonomy":"product_tag","embeddable":true,"href":"https:\/\/healthyhead.dk\/sv\/wp-json\/wp\/v2\/product_tag?post=311408"}],"curies":[{"name":"wp","href":"https:\/\/api.w.org\/{rel}","templated":true}]}}