{"id":315990,"date":"2026-04-11T18:23:09","date_gmt":"2026-04-11T18:23:09","guid":{"rendered":"https:\/\/healthyhead.dk\/vare\/tyskland-landsholds-t-shirt-jamal-musiala-10\/"},"modified":"2026-04-11T23:02:53","modified_gmt":"2026-04-11T23:02:53","slug":"t-shirt-tysklands-landslag-jamal-musiala-10","status":"publish","type":"product","link":"https:\/\/healthyhead.dk\/sv\/produkt\/t-shirt-tysklands-landslag-jamal-musiala-10\/","title":{"rendered":"T-shirt, Tysklands Landslag, Jamal Musiala, 10"},"content":{"rendered":"","protected":false},"excerpt":{"rendered":"<p><img decoding=\"async\" class=\"alignnone wp-image-7519\" src=\"\/wp-content\/uploads\/2024\/08\/Klassisk-pasform.svg\" alt=\"Klassisk passform\" width=\"46\" height=\"45\">Klassisk passform<\/p>\n<p><img decoding=\"async\" class=\"alignnone wp-image-7520\" src=\"\/wp-content\/uploads\/2024\/08\/Oeko-tex.svg\" alt=\"Oeko-tex\" width=\"46\" height=\"45\">OEKO-tex-certifierad bomull och tryck utan skadliga kemikalier<\/p>\n<p><img decoding=\"async\" class=\"alignnone wp-image-7533\" src=\"\/wp-content\/uploads\/2024\/08\/Forvasket.svg\" alt=\"F\u00f6rtv\u00e4ttad\" width=\"46\" height=\"45\">F\u00f6rtv\u00e4ttad f\u00f6r att minimera krympning<\/p>\n<section class=\"elegant-tabs-container et-horizontal\">\n<div class=\"et-tabs et-horizontal justified-tabs et-tabs-style-iconbox tab-class-670d08084954b\" data-tab_style=\"iconbox\" data-active-bg=\"#00a54f\" data-active-text=\"#ffffff\">\n<nav> <\/nav>\n<\/div>\n<\/section>\n[cg_accordion title=\"Beskrivning\" open=\"open\"]<\/p>\n<p>St\u00f6d den tekniskt starka och kreativa tyska offensiva spelaren Jamal Musiala med denna Tyskland landslags t-shirt. T-shirten \u00e4r tillverkad av 100% ekologisk GOTS-certifierad bomull och tryckt med OEKO-TEX-certifierat kvalitetstryck. Med Musiala och nummer 10 p\u00e5 ryggen \u00e4r den perfekt f\u00f6r fans som vill hylla en av Tysklands st\u00f6rsta profiler med flair, dribblingsf\u00f6rm\u00e5ga och offensiv klass. Framsidan pryds av det tyska riksvapnet. Tryckt med danskt OEKO-tex-certifierat kvalitetstryck utan skadliga kemikalier. Leveranstiden \u00e4r cirka 3-5 arbetsdagar efter best\u00e4llning<\/p>\n<ul>\n<li><b>Tryck:<\/b> Danskt OEKO-tex-certifierat kvalitetstryck utan riskabla kemikalier<\/li>\n<li>Passform<b>:<\/b> Normal passform med 2 cm extra l\u00e4ngd f\u00f6r l\u00e4ngre h\u00e5llbarhet<\/li>\n<li><b>Material:<\/b> 100% OEKO-tex-certifierad bomull, 165 g\/m\u00b2<\/li>\n<li><b>Krympning:<\/b> T-shirten \u00e4r &#8221;f\u00f6rtv\u00e4ttad&#8221; &#8211; krymper d\u00e4rf\u00f6r minimalt om tv\u00e4ttanvisningarna f\u00f6ljs<\/li>\n<\/ul>\n<p>[\/cg_accordion]\n[cg_accordion title=\"Tv\u00e4ttr\u00e5d\"]<\/p>\n<p>Vi rekommenderar att du tv\u00e4ttar i 30 grader och undviker torktumling f\u00f6r att skydda milj\u00f6n och f\u00f6rl\u00e4nga livsl\u00e4ngden p\u00e5 T-shirten.<\/p>\n<p>Tv\u00e4ttr\u00e5d::<\/p>\n<p><img loading=\"lazy\" decoding=\"async\" class=\"wp-image-7353 alignleft\" src=\"\/wp-content\/uploads\/2024\/08\/Vaskeanvisning-305-t-shirt.svg\" alt=\"Tv\u00e4ttinstruktioner-305 t-shirt\" width=\"270\" height=\"54\" srcset=\"https:\/\/healthyhead.dk\/wp-content\/uploads\/Vaskeanvisning-305-t-shirt.svg 150w, https:\/\/healthyhead.dk\/wp-content\/uploads\/Vaskeanvisning-305-t-shirt.svg 300w, https:\/\/healthyhead.dk\/wp-content\/uploads\/Vaskeanvisning-305-t-shirt.svg 768w, https:\/\/healthyhead.dk\/wp-content\/uploads\/Vaskeanvisning-305-t-shirt.svg 1024w, https:\/\/healthyhead.dk\/wp-content\/uploads\/Vaskeanvisning-305-t-shirt.svg 1230w\" sizes=\"(max-width: 270px) 100vw, 270px\" \/><\/p>\n<p>&nbsp;<\/p>\n<p>&nbsp;<\/p>\n<p>[\/cg_accordion]\n","protected":false},"featured_media":314945,"template":"","meta":{"_acf_changed":false},"product_brand":[],"product_cat":[761],"product_tag":[],"class_list":{"0":"post-315990","1":"product","2":"type-product","3":"status-publish","4":"has-post-thumbnail","6":"product_cat-landslagsklaeder-tyskland","7":"pa_size-2-aar-sv","8":"pa_size-4-6-aar-sv","9":"pa_size-8-10-aar-sv","10":"pa_size-12-14-aar-sv","11":"pa_size-x-small-sv","12":"pa_size-small-sv","13":"pa_size-medium-sv","14":"pa_size-large-sv","15":"pa_size-x-large-sv","16":"pa_size-xx-large-sv","17":"pa_size-3x-large-sv","18":"pa_size-4x-large-sv","19":"pa_size-5x-large-sv","20":"pa_size-6x-large-sv","22":"first","23":"instock","24":"taxable","25":"shipping-taxable","26":"purchasable","27":"product-type-variable","28":"has-default-attributes"},"acf":[],"_links":{"self":[{"href":"https:\/\/healthyhead.dk\/sv\/wp-json\/wp\/v2\/product\/315990","targetHints":{"allow":["GET"]}}],"collection":[{"href":"https:\/\/healthyhead.dk\/sv\/wp-json\/wp\/v2\/product"}],"about":[{"href":"https:\/\/healthyhead.dk\/sv\/wp-json\/wp\/v2\/types\/product"}],"version-history":[{"count":1,"href":"https:\/\/healthyhead.dk\/sv\/wp-json\/wp\/v2\/product\/315990\/revisions"}],"predecessor-version":[{"id":316531,"href":"https:\/\/healthyhead.dk\/sv\/wp-json\/wp\/v2\/product\/315990\/revisions\/316531"}],"wp:featuredmedia":[{"embeddable":true,"href":"https:\/\/healthyhead.dk\/sv\/wp-json\/wp\/v2\/media\/314945"}],"wp:attachment":[{"href":"https:\/\/healthyhead.dk\/sv\/wp-json\/wp\/v2\/media?parent=315990"}],"wp:term":[{"taxonomy":"product_brand","embeddable":true,"href":"https:\/\/healthyhead.dk\/sv\/wp-json\/wp\/v2\/product_brand?post=315990"},{"taxonomy":"product_cat","embeddable":true,"href":"https:\/\/healthyhead.dk\/sv\/wp-json\/wp\/v2\/product_cat?post=315990"},{"taxonomy":"product_tag","embeddable":true,"href":"https:\/\/healthyhead.dk\/sv\/wp-json\/wp\/v2\/product_tag?post=315990"}],"curies":[{"name":"wp","href":"https:\/\/api.w.org\/{rel}","templated":true}]}}