{"id":317798,"date":"2026-02-01T19:07:34","date_gmt":"2026-02-01T19:07:34","guid":{"rendered":"https:\/\/healthyhead.dk\/vare\/t-shirt-go-back-we-screwed-up-anti-trump-anti-maga\/"},"modified":"2026-04-24T11:04:37","modified_gmt":"2026-04-24T11:04:37","slug":"t-shirt-go-back-we-screwed-up-anti-trump-anti-maga","status":"publish","type":"product","link":"https:\/\/healthyhead.dk\/sv\/produkt\/t-shirt-go-back-we-screwed-up-anti-trump-anti-maga\/","title":{"rendered":"T-shirt, G\u00e5 tillbaka &#8211; Vi gjorde bort oss, Anti Trump, Anti MAGA"},"content":{"rendered":"","protected":false},"excerpt":{"rendered":"<p><img decoding=\"async\" class=\"alignnone wp-image-7519\" src=\"\/wp-content\/uploads\/2024\/08\/Oeko-tex.svg\" alt=\"OEKO-tex\" width=\"46\" height=\"45\">OEKO-tex-certifierat tryck utan skadliga kemikalier<\/p>\n<p><img decoding=\"async\" class=\"alignnone wp-image-7520\" src=\"\/wp-content\/uploads\/2024\/08\/Forvasket.svg\" alt=\"F\u00f6rtv\u00e4ttad\" width=\"46\" height=\"45\">F\u00f6rtv\u00e4ttad f\u00f6r att minimera krympning<\/p>\n<p><img decoding=\"async\" class=\"alignnone wp-image-7533\" src=\"\/wp-content\/uploads\/2024\/08\/GOTS-.svg\" alt=\"GOTS\" width=\"46\" height=\"45\">Ekologisk GOTS-certifierad t-shirt<\/p>\n<p>&nbsp;<\/p>\n[cg_accordion title=\"Beskrivning\" open=\"open\"]<\/p>\n<div class=\"woocommerce-product-details__short-description\">\n<p>G\u00e5 tillbaka. Vi klantade till det. Ett satiriskt och skarpsinnigt uttalande om Trump, MAGA-r\u00f6relsen och de auktorit\u00e4ra tillbakag\u00e5ngar som presenteras som framsteg. Grafiken v\u00e4nder upp och ner p\u00e5 &#8221;evolutionen&#8221; och pekar p\u00e5 det obekv\u00e4ma budskapet: n\u00e4r demokratin f\u00f6rsvagas \u00e4r det inte evolution &#8211; det \u00e4r regression.<\/p>\n<p>T-shirten \u00e4r en tydlig kommentar till MAGA-retorik, personkult och politiska trender som drar samh\u00e4llet bak\u00e5t under t\u00e4ckmantel av styrka, ordning och nostalgi. En visuell uppmaning till demokrati, ansvar och insikten om att vi ibland m\u00e5ste erk\u00e4nna misstag f\u00f6r att komma vidare.<\/p>\n<p>T-shirten \u00e4r tillverkad av kraftig 100 % ekologisk bomull. B\u00e5de tryck och t-shirt \u00e4r certifierade fria fr\u00e5n skadliga kemikalier.<\/p>\n<ul>\n<li>Passform<b>:<\/b> Normal passform med 2 cm extra l\u00e4ngd f\u00f6r l\u00e4ngre h\u00e5llbarhet<\/li>\n<li><b>Material:<\/b> 100% GOTS-certifierad ekologisk bomull, 165 g\/m\u00b2<\/li>\n<li><b>Krympning:<\/b> T-shirten \u00e4r &#8221;f\u00f6rtv\u00e4ttad&#8221; &#8211; krymper d\u00e4rf\u00f6r minimalt om tv\u00e4ttanvisningarna f\u00f6ljs<\/li>\n<li><b>Tryck:<\/b> Danskt OEKO-tex-certifierat kvalitetstryck utan riskabla kemikalier<\/li>\n<\/ul>\n<\/div>\n<p>[\/cg_accordion]\n[cg_accordion title=\"Tv\u00e4ttr\u00e5d\"]<\/p>\n<p>Vi rekommenderar att du tv\u00e4ttar i 40 grader och undviker torktumling f\u00f6r att skydda milj\u00f6n och f\u00f6rl\u00e4nga livsl\u00e4ngden p\u00e5 T-shirten.<\/p>\n<p><img loading=\"lazy\" decoding=\"async\" class=\"wp-image-7353 alignleft\" src=\"\/wp-content\/uploads\/2024\/08\/Vaskeanvisning-305-t-shirt.svg\" alt=\"Tv\u00e4ttinstruktioner-305 t-shirt\" width=\"270\" height=\"54\" srcset=\"https:\/\/healthyhead.dk\/wp-content\/uploads\/Vaskeanvisning-305-t-shirt.svg 150w, https:\/\/healthyhead.dk\/wp-content\/uploads\/Vaskeanvisning-305-t-shirt.svg 300w, https:\/\/healthyhead.dk\/wp-content\/uploads\/Vaskeanvisning-305-t-shirt.svg 768w, https:\/\/healthyhead.dk\/wp-content\/uploads\/Vaskeanvisning-305-t-shirt.svg 1024w, https:\/\/healthyhead.dk\/wp-content\/uploads\/Vaskeanvisning-305-t-shirt.svg 1230w\" sizes=\"(max-width: 270px) 100vw, 270px\" \/><\/p>\n<p>&nbsp;<\/p>\n<p>&nbsp;<\/p>\n<p>[\/cg_accordion]\n","protected":false},"featured_media":307475,"template":"","meta":{"_acf_changed":false},"product_brand":[],"product_cat":[654],"product_tag":[],"class_list":{"0":"post-317798","1":"product","2":"type-product","3":"status-publish","4":"has-post-thumbnail","6":"product_cat-anti-trump","7":"pa_size-x-small-sv","8":"pa_size-small-sv","9":"pa_size-medium-sv","10":"pa_size-large-sv","11":"pa_size-x-large-sv","12":"pa_size-xx-large-sv","13":"pa_size-3x-large-sv","14":"pa_size-4x-large-sv","15":"pa_size-5x-large-sv","16":"pa_size-6x-large-sv","18":"first","19":"instock","20":"taxable","21":"shipping-taxable","22":"purchasable","23":"product-type-variable"},"acf":[],"_links":{"self":[{"href":"https:\/\/healthyhead.dk\/sv\/wp-json\/wp\/v2\/product\/317798","targetHints":{"allow":["GET"]}}],"collection":[{"href":"https:\/\/healthyhead.dk\/sv\/wp-json\/wp\/v2\/product"}],"about":[{"href":"https:\/\/healthyhead.dk\/sv\/wp-json\/wp\/v2\/types\/product"}],"version-history":[{"count":1,"href":"https:\/\/healthyhead.dk\/sv\/wp-json\/wp\/v2\/product\/317798\/revisions"}],"predecessor-version":[{"id":318684,"href":"https:\/\/healthyhead.dk\/sv\/wp-json\/wp\/v2\/product\/317798\/revisions\/318684"}],"wp:featuredmedia":[{"embeddable":true,"href":"https:\/\/healthyhead.dk\/sv\/wp-json\/wp\/v2\/media\/307475"}],"wp:attachment":[{"href":"https:\/\/healthyhead.dk\/sv\/wp-json\/wp\/v2\/media?parent=317798"}],"wp:term":[{"taxonomy":"product_brand","embeddable":true,"href":"https:\/\/healthyhead.dk\/sv\/wp-json\/wp\/v2\/product_brand?post=317798"},{"taxonomy":"product_cat","embeddable":true,"href":"https:\/\/healthyhead.dk\/sv\/wp-json\/wp\/v2\/product_cat?post=317798"},{"taxonomy":"product_tag","embeddable":true,"href":"https:\/\/healthyhead.dk\/sv\/wp-json\/wp\/v2\/product_tag?post=317798"}],"curies":[{"name":"wp","href":"https:\/\/api.w.org\/{rel}","templated":true}]}}