{"id":318256,"date":"2026-02-02T08:14:11","date_gmt":"2026-02-02T08:14:11","guid":{"rendered":"https:\/\/healthyhead.dk\/vare\/hoodie-make-america-trumpless-again-anti-trump-anti-maga\/"},"modified":"2026-04-24T11:16:48","modified_gmt":"2026-04-24T11:16:48","slug":"hoodie-make-america-trumpless-again-anti-trump-anti-maga","status":"publish","type":"product","link":"https:\/\/healthyhead.dk\/sv\/produkt\/hoodie-make-america-trumpless-again-anti-trump-anti-maga\/","title":{"rendered":"Hoodie, Make America Trumpless Again, Anti Trump, Anti MAGA"},"content":{"rendered":"","protected":false},"excerpt":{"rendered":"<p><img decoding=\"async\" class=\"alignnone wp-image-7519\" src=\"\/wp-content\/uploads\/2024\/08\/Oeko-tex.svg\" alt=\"OEKO-tex\" width=\"46\" height=\"45\">OEKO-TEX\u00ae-certifierad hoodie<\/p>\n<p><img decoding=\"async\" class=\"alignnone wp-image-7520\" src=\"\/wp-content\/uploads\/2024\/08\/Forvasket.svg\" alt=\"F\u00f6rtv\u00e4ttad\" width=\"46\" height=\"45\">F\u00f6rtv\u00e4ttad f\u00f6r att minimera krympning<\/p>\n<p><img decoding=\"async\" class=\"alignnone wp-image-8993\" src=\"\/wp-content\/uploads\/2024\/08\/Lavet-i-dk-.svg\" alt=\"\" width=\"47\" height=\"47\" srcset=\"https:\/\/healthyhead.dk\/wp-content\/uploads\/Lavet-i-dk-.svg 150w, https:\/\/healthyhead.dk\/wp-content\/uploads\/Lavet-i-dk-.svg 300w, https:\/\/healthyhead.dk\/wp-content\/uploads\/Lavet-i-dk-.svg 768w, https:\/\/healthyhead.dk\/wp-content\/uploads\/Lavet-i-dk-.svg 1024w, https:\/\/healthyhead.dk\/wp-content\/uploads\/Lavet-i-dk-.svg 250w\" sizes=\"(max-width: 47px) 100vw, 47px\" \/>Danskt OEKO-tex-certifierat kvalitetstryck utan skadliga kemikalier<\/p>\n<p>&nbsp;<\/p>\n<p>&nbsp;<\/p>\n[cg_accordion title=\"Beskrivning\" open=\"open\"]<\/p>\n<div class=\"woocommerce-product-details__short-description\">\n<p>G\u00f6r Amerika Trumpl\u00f6st igen. Ett tydligt och kompromissl\u00f6st st\u00e4llningstagande mot Trump, MAGA-r\u00f6relsen och den personkult som har satt demokratin under press. Trycket spelar medvetet p\u00e5 v\u00e4lk\u00e4nd politisk retorik &#8211; men v\u00e4nder upp och ner p\u00e5 budskapet och v\u00e4nder sig mot kaos, splittring och auktorit\u00e4ra tendenser.<\/p>\n<p>Den h\u00e4r huvtr\u00f6jan \u00e4r till f\u00f6r dem som vill ha ett Amerika utan Trump, utan MAGA-extremism och utan en politik som bygger p\u00e5 felaktig information och r\u00e4dsla. En enkel, grafiskt kraftfull uppmaning till demokrati, ansvar och en framtid som r\u00f6r sig fram\u00e5t &#8211; inte bak\u00e5t.<\/p>\n<p>Hoodien \u00e4r tillverkad av 100% ekologisk GOTS-certifierad bomull. B\u00e5de trycket och T-shirten \u00e4r OEKO-TEX\u00ae-certifierade.<\/p>\n<ul>\n<li>Passform<b>:<\/b> Normal passform med 2 cm extra l\u00e4ngd f\u00f6r l\u00e4ngre h\u00e5llbarhet<\/li>\n<li><b>Material:<\/b> 100% ekologisk bomull (GOTS-certifierad), 290 g\/m\u00b2<\/li>\n<li><b>Krympning:<\/b> Hoodien \u00e4r f\u00f6rtv\u00e4ttad och krymper d\u00e4rf\u00f6r minimalt om tv\u00e4ttanvisningarna f\u00f6ljs<\/li>\n<li><b>Tryck:<\/b> Danskt OEKO-TEX-certifierat kvalitetstryck utan riskabla kemikalier<\/li>\n<\/ul>\n<\/div>\n<p>[\/cg_accordion]\n[cg_accordion title=\"Tv\u00e4ttr\u00e5d\"]<\/p>\n<p>Vi rekommenderar tv\u00e4tt i 40 grader och att undvika torktumlare f\u00f6r att skona milj\u00f6n och f\u00f6rl\u00e4nga huvtr\u00f6jans livsl\u00e4ngd.<\/p>\n<p><img loading=\"lazy\" decoding=\"async\" class=\"wp-image-7353 alignleft\" src=\"\/wp-content\/uploads\/2024\/08\/Vaskeanvisning-305-t-shirt.svg\" alt=\"Tv\u00e4ttinstruktioner-305 t-shirt\" width=\"270\" height=\"54\" srcset=\"https:\/\/healthyhead.dk\/wp-content\/uploads\/Vaskeanvisning-305-t-shirt.svg 150w, https:\/\/healthyhead.dk\/wp-content\/uploads\/Vaskeanvisning-305-t-shirt.svg 300w, https:\/\/healthyhead.dk\/wp-content\/uploads\/Vaskeanvisning-305-t-shirt.svg 768w, https:\/\/healthyhead.dk\/wp-content\/uploads\/Vaskeanvisning-305-t-shirt.svg 1024w, https:\/\/healthyhead.dk\/wp-content\/uploads\/Vaskeanvisning-305-t-shirt.svg 1230w\" sizes=\"(max-width: 270px) 100vw, 270px\" \/><\/p>\n<p>&nbsp;<\/p>\n<p>&nbsp;<\/p>\n<p>[\/cg_accordion]\n","protected":false},"featured_media":307588,"template":"","meta":{"_acf_changed":false},"product_brand":[],"product_cat":[654],"product_tag":[],"class_list":{"0":"post-318256","1":"product","2":"type-product","3":"status-publish","4":"has-post-thumbnail","6":"product_cat-anti-trump","7":"pa_size-x-small-sv","8":"pa_size-small-sv","9":"pa_size-medium-sv","10":"pa_size-large-sv","11":"pa_size-x-large-sv","12":"pa_size-xx-large-sv","13":"pa_size-3x-large-sv","15":"first","16":"instock","17":"taxable","18":"shipping-taxable","19":"purchasable","20":"product-type-variable"},"acf":[],"_links":{"self":[{"href":"https:\/\/healthyhead.dk\/sv\/wp-json\/wp\/v2\/product\/318256","targetHints":{"allow":["GET"]}}],"collection":[{"href":"https:\/\/healthyhead.dk\/sv\/wp-json\/wp\/v2\/product"}],"about":[{"href":"https:\/\/healthyhead.dk\/sv\/wp-json\/wp\/v2\/types\/product"}],"version-history":[{"count":1,"href":"https:\/\/healthyhead.dk\/sv\/wp-json\/wp\/v2\/product\/318256\/revisions"}],"predecessor-version":[{"id":318701,"href":"https:\/\/healthyhead.dk\/sv\/wp-json\/wp\/v2\/product\/318256\/revisions\/318701"}],"wp:featuredmedia":[{"embeddable":true,"href":"https:\/\/healthyhead.dk\/sv\/wp-json\/wp\/v2\/media\/307588"}],"wp:attachment":[{"href":"https:\/\/healthyhead.dk\/sv\/wp-json\/wp\/v2\/media?parent=318256"}],"wp:term":[{"taxonomy":"product_brand","embeddable":true,"href":"https:\/\/healthyhead.dk\/sv\/wp-json\/wp\/v2\/product_brand?post=318256"},{"taxonomy":"product_cat","embeddable":true,"href":"https:\/\/healthyhead.dk\/sv\/wp-json\/wp\/v2\/product_cat?post=318256"},{"taxonomy":"product_tag","embeddable":true,"href":"https:\/\/healthyhead.dk\/sv\/wp-json\/wp\/v2\/product_tag?post=318256"}],"curies":[{"name":"wp","href":"https:\/\/api.w.org\/{rel}","templated":true}]}}